{"id":196,"date":"2025-01-28T03:23:17","date_gmt":"2025-01-28T03:23:17","guid":{"rendered":"https:\/\/autogeradora.w3com.net\/?page_id=196"},"modified":"2025-10-22T22:00:27","modified_gmt":"2025-10-22T22:00:27","slug":"empresa","status":"publish","type":"page","link":"https:\/\/kordesign.com.br\/clientes\/autogeradora\/empresa\/","title":{"rendered":"Empresa"},"content":{"rendered":"\t\t<div data-elementor-type=\"wp-page\" data-elementor-id=\"196\" class=\"elementor elementor-196\" data-elementor-settings=\"{&quot;ha_cmc_init_switcher&quot;:&quot;no&quot;}\" data-elementor-post-type=\"page\">\n\t\t\t\t\t\t<section class=\"elementor-section elementor-top-section elementor-element elementor-element-4c06037f elementor-section-boxed elementor-section-height-default elementor-section-height-default\" data-id=\"4c06037f\" data-element_type=\"section\" data-settings=\"{&quot;background_background&quot;:&quot;classic&quot;,&quot;jet_parallax_layout_list&quot;:[],&quot;_ha_eqh_enable&quot;:false}\">\n\t\t\t\t\t\t<div class=\"elementor-container elementor-column-gap-default\">\n\t\t\t\t\t<div class=\"elementor-column elementor-col-50 elementor-top-column elementor-element elementor-element-3a53c502\" data-id=\"3a53c502\" data-element_type=\"column\">\n\t\t\t<div class=\"elementor-widget-wrap elementor-element-populated\">\n\t\t\t\t\t\t<div class=\"elementor-element elementor-element-63aec433 elementor-widget elementor-widget-heading\" data-id=\"63aec433\" data-element_type=\"widget\" data-widget_type=\"heading.default\">\n\t\t\t\t<div class=\"elementor-widget-container\">\n\t\t\t<h2 class=\"elementor-heading-title elementor-size-default\">Autogeradora: energia confi\u00e1vel para todo tipo de segmento<\/h2>\t\t<\/div>\n\t\t\t\t<\/div>\n\t\t\t\t<div class=\"elementor-element elementor-element-2665fc44 elementor-widget elementor-widget-text-editor\" data-id=\"2665fc44\" data-element_type=\"widget\" data-widget_type=\"text-editor.default\">\n\t\t\t\t<div class=\"elementor-widget-container\">\n\t\t\t\t\t\t\t<p>Fundada em 2008, a Autogeradora \u00e9 especializada na\u00a0<b>loca\u00e7\u00e3o de geradores de energia<\/b>\u00a0e\u00a0<b>torres de ilumina\u00e7\u00e3o<\/b>, atendendo os mais diversos segmentos e proporcionando solu\u00e7\u00f5es confi\u00e1veis para nossos clientes.\u00a0Com matriz no Rio Grande do Sul e filiais em Santa Catarina e Paran\u00e1, a empresa se destaca por seu\u00a0<b>comprometimento, agilidade no atendimento e pela qualidade dos equipamentos<\/b>, garantindo o fornecimento de energia tempor\u00e1ria para empresas que precisam de suporte confi\u00e1vel, evitando paradas e preju\u00edzos.<\/p>\n<p>Acesse nosso blog e descubra hist\u00f3rias reais de como nossas solu\u00e7\u00f5es ajudaram empresas a superar desafios energ\u00e9ticos.<\/p>\n\t\t\t\t\t\t<\/div>\n\t\t\t\t<\/div>\n\t\t\t\t<div class=\"elementor-element elementor-element-79727591 elementor-align-left elementor-mobile-align-left elementor-widget elementor-widget-button\" data-id=\"79727591\" data-element_type=\"widget\" data-widget_type=\"button.default\">\n\t\t\t\t<div class=\"elementor-widget-container\">\n\t\t\t\t\t\t\t<div class=\"elementor-button-wrapper\">\n\t\t\t\t\t<a class=\"elementor-button elementor-button-link elementor-size-sm elementor-animation-float\" href=\"https:\/\/kordesign.com.br\/clientes\/autogeradora\/blog\/\">\n\t\t\t\t\t\t<span class=\"elementor-button-content-wrapper\">\n\t\t\t\t\t\t\t\t\t<span class=\"elementor-button-text\">Blog<\/span>\n\t\t\t\t\t<\/span>\n\t\t\t\t\t<\/a>\n\t\t\t\t<\/div>\n\t\t\t\t\t\t<\/div>\n\t\t\t\t<\/div>\n\t\t\t\t\t<\/div>\n\t\t<\/div>\n\t\t\t\t<div class=\"elementor-column elementor-col-50 elementor-top-column elementor-element elementor-element-d2b679b elementor-hidden-tablet elementor-hidden-mobile\" data-id=\"d2b679b\" data-element_type=\"column\">\n\t\t\t<div class=\"elementor-widget-wrap elementor-element-populated\">\n\t\t\t\t\t\t<section class=\"elementor-section elementor-inner-section elementor-element elementor-element-1441fdea elementor-section-boxed elementor-section-height-default elementor-section-height-default\" data-id=\"1441fdea\" data-element_type=\"section\" data-settings=\"{&quot;jet_parallax_layout_list&quot;:[],&quot;_ha_eqh_enable&quot;:false}\">\n\t\t\t\t\t\t<div class=\"elementor-container elementor-column-gap-default\">\n\t\t\t\t\t<div class=\"elementor-column elementor-col-100 elementor-inner-column elementor-element elementor-element-44c56064\" data-id=\"44c56064\" data-element_type=\"column\" data-settings=\"{&quot;animation_mobile&quot;:&quot;slideInLeft&quot;}\">\n\t\t\t<div class=\"elementor-widget-wrap elementor-element-populated\">\n\t\t\t\t\t\t<div class=\"elementor-element elementor-element-550f403e elementor-widget elementor-widget-image\" data-id=\"550f403e\" data-element_type=\"widget\" data-widget_type=\"image.default\">\n\t\t\t\t<div class=\"elementor-widget-container\">\n\t\t\t\t\t\t\t\t\t\t\t\t\t<img fetchpriority=\"high\" decoding=\"async\" width=\"800\" height=\"800\" src=\"https:\/\/kordesign.com.br\/clientes\/autogeradora\/wp-content\/uploads\/2025\/09\/autogeradora_site_empresa_imagens_800x800px_03-1.webp\" class=\"attachment-full size-full wp-image-1539\" alt=\"\" srcset=\"https:\/\/kordesign.com.br\/clientes\/autogeradora\/wp-content\/uploads\/2025\/09\/autogeradora_site_empresa_imagens_800x800px_03-1.webp 800w, https:\/\/kordesign.com.br\/clientes\/autogeradora\/wp-content\/uploads\/2025\/09\/autogeradora_site_empresa_imagens_800x800px_03-1-300x300.webp 300w, https:\/\/kordesign.com.br\/clientes\/autogeradora\/wp-content\/uploads\/2025\/09\/autogeradora_site_empresa_imagens_800x800px_03-1-150x150.webp 150w, https:\/\/kordesign.com.br\/clientes\/autogeradora\/wp-content\/uploads\/2025\/09\/autogeradora_site_empresa_imagens_800x800px_03-1-768x768.webp 768w\" sizes=\"(max-width: 800px) 100vw, 800px\" \/>\t\t\t\t\t\t\t\t\t\t\t\t\t<\/div>\n\t\t\t\t<\/div>\n\t\t\t\t\t<\/div>\n\t\t<\/div>\n\t\t\t\t\t<\/div>\n\t\t<\/section>\n\t\t\t\t\t<\/div>\n\t\t<\/div>\n\t\t\t\t\t<\/div>\n\t\t<\/section>\n\t\t\t\t<section class=\"elementor-section elementor-top-section elementor-element elementor-element-3a9f10b elementor-section-boxed elementor-section-height-default elementor-section-height-default\" data-id=\"3a9f10b\" data-element_type=\"section\" data-settings=\"{&quot;jet_parallax_layout_list&quot;:[],&quot;_ha_eqh_enable&quot;:false}\">\n\t\t\t\t\t\t<div class=\"elementor-container elementor-column-gap-default\">\n\t\t\t\t\t<div class=\"elementor-column elementor-col-50 elementor-top-column elementor-element elementor-element-6be3e41\" data-id=\"6be3e41\" data-element_type=\"column\">\n\t\t\t<div class=\"elementor-widget-wrap elementor-element-populated\">\n\t\t\t\t\t\t<div class=\"elementor-element elementor-element-8308dfa elementor-widget elementor-widget-image\" data-id=\"8308dfa\" data-element_type=\"widget\" data-widget_type=\"image.default\">\n\t\t\t\t<div class=\"elementor-widget-container\">\n\t\t\t\t\t\t\t\t\t\t\t\t\t<img decoding=\"async\" width=\"800\" height=\"800\" src=\"https:\/\/kordesign.com.br\/clientes\/autogeradora\/wp-content\/uploads\/2025\/01\/autogeradora_site_empresa_imagens_800x800px_02.webp\" class=\"attachment-full size-full wp-image-232\" alt=\"\" srcset=\"https:\/\/kordesign.com.br\/clientes\/autogeradora\/wp-content\/uploads\/2025\/01\/autogeradora_site_empresa_imagens_800x800px_02.webp 800w, https:\/\/kordesign.com.br\/clientes\/autogeradora\/wp-content\/uploads\/2025\/01\/autogeradora_site_empresa_imagens_800x800px_02-300x300.webp 300w, https:\/\/kordesign.com.br\/clientes\/autogeradora\/wp-content\/uploads\/2025\/01\/autogeradora_site_empresa_imagens_800x800px_02-150x150.webp 150w, https:\/\/kordesign.com.br\/clientes\/autogeradora\/wp-content\/uploads\/2025\/01\/autogeradora_site_empresa_imagens_800x800px_02-768x768.webp 768w\" sizes=\"(max-width: 800px) 100vw, 800px\" \/>\t\t\t\t\t\t\t\t\t\t\t\t\t<\/div>\n\t\t\t\t<\/div>\n\t\t\t\t\t<\/div>\n\t\t<\/div>\n\t\t\t\t<div class=\"elementor-column elementor-col-50 elementor-top-column elementor-element elementor-element-60a6fb1\" data-id=\"60a6fb1\" data-element_type=\"column\">\n\t\t\t<div class=\"elementor-widget-wrap elementor-element-populated\">\n\t\t\t\t\t\t<div class=\"elementor-element elementor-element-3f4cdee elementor-widget elementor-widget-text-editor\" data-id=\"3f4cdee\" data-element_type=\"widget\" data-widget_type=\"text-editor.default\">\n\t\t\t\t<div class=\"elementor-widget-container\">\n\t\t\t\t\t\t\t<h4><b>Miss\u00e3o\u00a0<\/b><\/h4>\n<p>Atender aos clientes com o fornecimento de energia tempor\u00e1ria ou emergencial, garantindo seguran\u00e7a e pontualidade, buscando constante atualiza\u00e7\u00e3o de seus produtos e aperfei\u00e7oamento de seus funcion\u00e1rios.<\/p>\n<h4><b>Vis\u00e3o<\/b><\/h4>\n<p>Suprir as necessidades dos clientes e fideliz\u00e1-los com a melhor presta\u00e7\u00e3o de servi\u00e7os e atendimento.<\/p>\n<h4><b>Valores<\/b><\/h4>\n<p>\u2022 Responsabilidade<br \/>\n\u2022 \u00c9tica<br \/>\n\u2022 Confian\u00e7a<br \/>\n\u2022 Transpar\u00eancia<br \/>\n\u2022 Compromisso com a entrega de solu\u00e7\u00f5es completas<\/p>\n\t\t\t\t\t\t<\/div>\n\t\t\t\t<\/div>\n\t\t\t\t\t<\/div>\n\t\t<\/div>\n\t\t\t\t\t<\/div>\n\t\t<\/section>\n\t\t<div class=\"elementor-element elementor-element-e3c84d6 elementor-hidden-tablet elementor-hidden-mobile e-flex e-con-boxed e-con e-parent\" data-id=\"e3c84d6\" data-element_type=\"container\" data-settings=\"{&quot;background_background&quot;:&quot;classic&quot;,&quot;jet_parallax_layout_list&quot;:[],&quot;_ha_eqh_enable&quot;:false}\">\n\t\t\t\t\t<div class=\"e-con-inner\">\n\t\t<div class=\"elementor-element elementor-element-6508e03 e-con-full e-flex e-con e-child\" data-id=\"6508e03\" data-element_type=\"container\" data-settings=\"{&quot;jet_parallax_layout_list&quot;:[],&quot;_ha_eqh_enable&quot;:false}\">\n\t\t\t\t<div class=\"elementor-element elementor-element-c431b0d elementor-widget elementor-widget-image\" data-id=\"c431b0d\" data-element_type=\"widget\" data-widget_type=\"image.default\">\n\t\t\t\t<div class=\"elementor-widget-container\">\n\t\t\t\t\t\t\t\t\t\t\t\t\t<img decoding=\"async\" width=\"100\" height=\"100\" src=\"https:\/\/kordesign.com.br\/clientes\/autogeradora\/wp-content\/uploads\/2025\/08\/1autogeradora_site_icone_institucional_02_engenharia_propria_100x100px.svg\" class=\"attachment-full size-full wp-image-1269\" alt=\"\" \/>\t\t\t\t\t\t\t\t\t\t\t\t\t<\/div>\n\t\t\t\t<\/div>\n\t\t\t\t<div class=\"elementor-element elementor-element-3f5526a elementor-widget elementor-widget-text-editor\" data-id=\"3f5526a\" data-element_type=\"widget\" data-widget_type=\"text-editor.default\">\n\t\t\t\t<div class=\"elementor-widget-container\">\n\t\t\t\t\t\t\tEngenharia Pr\u00f3pria\t\t\t\t\t\t<\/div>\n\t\t\t\t<\/div>\n\t\t\t\t<\/div>\n\t\t<div class=\"elementor-element elementor-element-f1570a1 e-con-full e-flex e-con e-child\" data-id=\"f1570a1\" data-element_type=\"container\" data-settings=\"{&quot;jet_parallax_layout_list&quot;:[],&quot;_ha_eqh_enable&quot;:false}\">\n\t\t\t\t<div class=\"elementor-element elementor-element-38f69ec elementor-widget elementor-widget-image\" data-id=\"38f69ec\" data-element_type=\"widget\" data-widget_type=\"image.default\">\n\t\t\t\t<div class=\"elementor-widget-container\">\n\t\t\t\t\t\t\t\t\t\t\t\t\t<img loading=\"lazy\" decoding=\"async\" width=\"100\" height=\"100\" src=\"https:\/\/kordesign.com.br\/clientes\/autogeradora\/wp-content\/uploads\/2025\/01\/autogeradora_site_icone_institucional_02_processos_ageis_100x100px.svg\" class=\"attachment-full size-full wp-image-162\" alt=\"\" \/>\t\t\t\t\t\t\t\t\t\t\t\t\t<\/div>\n\t\t\t\t<\/div>\n\t\t\t\t<div class=\"elementor-element elementor-element-372e1b3 elementor-widget elementor-widget-text-editor\" data-id=\"372e1b3\" data-element_type=\"widget\" data-widget_type=\"text-editor.default\">\n\t\t\t\t<div class=\"elementor-widget-container\">\n\t\t\t\t\t\t\tProcessos \u00c1geis\t\t\t\t\t\t<\/div>\n\t\t\t\t<\/div>\n\t\t\t\t<\/div>\n\t\t<div class=\"elementor-element elementor-element-d1a5497 e-con-full e-flex e-con e-child\" data-id=\"d1a5497\" data-element_type=\"container\" data-settings=\"{&quot;jet_parallax_layout_list&quot;:[],&quot;_ha_eqh_enable&quot;:false}\">\n\t\t\t\t<div class=\"elementor-element elementor-element-35a731a elementor-widget elementor-widget-image\" data-id=\"35a731a\" data-element_type=\"widget\" data-widget_type=\"image.default\">\n\t\t\t\t<div class=\"elementor-widget-container\">\n\t\t\t\t\t\t\t\t\t\t\t\t\t<img loading=\"lazy\" decoding=\"async\" width=\"100\" height=\"100\" src=\"https:\/\/kordesign.com.br\/clientes\/autogeradora\/wp-content\/uploads\/2025\/01\/autogeradora_site_icone_institucional_02_equipamentos_modernos_100x100px.svg\" class=\"attachment-full size-full wp-image-161\" alt=\"\" \/>\t\t\t\t\t\t\t\t\t\t\t\t\t<\/div>\n\t\t\t\t<\/div>\n\t\t\t\t<div class=\"elementor-element elementor-element-ce9b13a elementor-widget elementor-widget-text-editor\" data-id=\"ce9b13a\" data-element_type=\"widget\" data-widget_type=\"text-editor.default\">\n\t\t\t\t<div class=\"elementor-widget-container\">\n\t\t\t\t\t\t\tEquipamentos Modernos\t\t\t\t\t\t<\/div>\n\t\t\t\t<\/div>\n\t\t\t\t<\/div>\n\t\t<div class=\"elementor-element elementor-element-692487c e-con-full e-flex e-con e-child\" data-id=\"692487c\" data-element_type=\"container\" data-settings=\"{&quot;jet_parallax_layout_list&quot;:[],&quot;_ha_eqh_enable&quot;:false}\">\n\t\t\t\t<div class=\"elementor-element elementor-element-8129e38 elementor-widget elementor-widget-image\" data-id=\"8129e38\" data-element_type=\"widget\" data-widget_type=\"image.default\">\n\t\t\t\t<div class=\"elementor-widget-container\">\n\t\t\t\t\t\t\t\t\t\t\t\t\t<img loading=\"lazy\" decoding=\"async\" width=\"100\" height=\"100\" src=\"https:\/\/kordesign.com.br\/clientes\/autogeradora\/wp-content\/uploads\/2025\/08\/2autogeradora_site_icone_institucional_02_dimensionamento_de_gerador_100x100px.svg\" class=\"attachment-full size-full wp-image-1270\" alt=\"\" \/>\t\t\t\t\t\t\t\t\t\t\t\t\t<\/div>\n\t\t\t\t<\/div>\n\t\t\t\t<div class=\"elementor-element elementor-element-73be37e elementor-widget elementor-widget-text-editor\" data-id=\"73be37e\" data-element_type=\"widget\" data-widget_type=\"text-editor.default\">\n\t\t\t\t<div class=\"elementor-widget-container\">\n\t\t\t\t\t\t\tDimensionamento de Gerador\t\t\t\t\t\t<\/div>\n\t\t\t\t<\/div>\n\t\t\t\t<\/div>\n\t\t\t\t\t<\/div>\n\t\t\t\t<\/div>\n\t\t\t\t<section class=\"elementor-section elementor-top-section elementor-element elementor-element-57926c9 elementor-section-boxed elementor-section-height-default elementor-section-height-default\" data-id=\"57926c9\" data-element_type=\"section\" data-settings=\"{&quot;background_background&quot;:&quot;classic&quot;,&quot;jet_parallax_layout_list&quot;:[],&quot;_ha_eqh_enable&quot;:false}\">\n\t\t\t\t\t\t<div class=\"elementor-container elementor-column-gap-default\">\n\t\t\t\t\t<div class=\"elementor-column elementor-col-50 elementor-top-column elementor-element elementor-element-d9dcbf6\" data-id=\"d9dcbf6\" data-element_type=\"column\">\n\t\t\t<div class=\"elementor-widget-wrap elementor-element-populated\">\n\t\t\t\t\t\t<div class=\"elementor-element elementor-element-04017d1 elementor-widget elementor-widget-heading\" data-id=\"04017d1\" data-element_type=\"widget\" data-widget_type=\"heading.default\">\n\t\t\t\t<div class=\"elementor-widget-container\">\n\t\t\t<h2 class=\"elementor-heading-title elementor-size-default\">Sustentabilidade<\/h2>\t\t<\/div>\n\t\t\t\t<\/div>\n\t\t\t\t<div class=\"elementor-element elementor-element-14f1f99 elementor-widget elementor-widget-text-editor\" data-id=\"14f1f99\" data-element_type=\"widget\" data-widget_type=\"text-editor.default\">\n\t\t\t\t<div class=\"elementor-widget-container\">\n\t\t\t\t\t\t\t<p>A Autogeradora mant\u00e9m o compromisso com a efici\u00eancia e o respeito ao meio ambiente em todas as etapas de suas opera\u00e7\u00f5es. Entre as principais pr\u00e1ticas adotadas, destacam-se:<\/p>\n<ul>\n<li><b>Efici\u00eancia energ\u00e9tica:<\/b>\u00a0utiliza\u00e7\u00e3o de geradores com menor consumo de combust\u00edvel e orienta\u00e7\u00e3o aos clientes para o correto dimensionamento da pot\u00eancia, evitando desperd\u00edcios;<\/li>\n<li><b>Uso de combust\u00edveis de menor impacto:<\/b>\u00a0ado\u00e7\u00e3o de biocombust\u00edveis e misturas com diesel S10 de baixo teor de enxofre;<\/li>\n<li><b>Manuten\u00e7\u00e3o preventiva:<\/b>\u00a0realiza\u00e7\u00e3o peri\u00f3dica de manuten\u00e7\u00f5es para garantir combust\u00e3o eficiente, reduzir emiss\u00f5es e prolongar a vida \u00fatil dos equipamentos;<\/li>\n<li><b>Gest\u00e3o de res\u00edduos:<\/b>\u00a0coleta, segrega\u00e7\u00e3o e destina\u00e7\u00e3o ambientalmente adequada de \u00f3leos usados, filtros, baterias e outros insumos;<\/li>\n<li><b>Efici\u00eancia log\u00edstica:<\/b>\u00a0planejamento de transporte e distribui\u00e7\u00e3o visando otimizar deslocamentos e reduzir emiss\u00f5es.<\/li>\n<\/ul>\n<p>&nbsp;<\/p>\n<p>Com essas a\u00e7\u00f5es, a Autogeradora refor\u00e7a seu compromisso com uma gera\u00e7\u00e3o de energia tempor\u00e1ria ou emergencial mais eficiente, segura e respons\u00e1vel.<\/p>\n\t\t\t\t\t\t<\/div>\n\t\t\t\t<\/div>\n\t\t\t\t\t<\/div>\n\t\t<\/div>\n\t\t\t\t<div class=\"elementor-column elementor-col-50 elementor-top-column elementor-element elementor-element-9a1892e elementor-hidden-tablet elementor-hidden-mobile\" data-id=\"9a1892e\" data-element_type=\"column\">\n\t\t\t<div class=\"elementor-widget-wrap elementor-element-populated\">\n\t\t\t\t\t\t<section class=\"elementor-section elementor-inner-section elementor-element elementor-element-9d7c5ff elementor-section-boxed elementor-section-height-default elementor-section-height-default\" data-id=\"9d7c5ff\" data-element_type=\"section\" data-settings=\"{&quot;jet_parallax_layout_list&quot;:[],&quot;_ha_eqh_enable&quot;:false}\">\n\t\t\t\t\t\t<div class=\"elementor-container elementor-column-gap-default\">\n\t\t\t\t\t<div class=\"elementor-column elementor-col-100 elementor-inner-column elementor-element elementor-element-f9f585f\" data-id=\"f9f585f\" data-element_type=\"column\" data-settings=\"{&quot;animation_mobile&quot;:&quot;slideInLeft&quot;}\">\n\t\t\t<div class=\"elementor-widget-wrap elementor-element-populated\">\n\t\t\t\t\t\t<div class=\"elementor-element elementor-element-623a400 elementor-widget elementor-widget-image\" data-id=\"623a400\" data-element_type=\"widget\" data-widget_type=\"image.default\">\n\t\t\t\t<div class=\"elementor-widget-container\">\n\t\t\t\t\t\t\t\t\t\t\t\t\t<img loading=\"lazy\" decoding=\"async\" width=\"800\" height=\"800\" src=\"https:\/\/kordesign.com.br\/clientes\/autogeradora\/wp-content\/uploads\/2025\/10\/autogeradora_site_empresa_800x800px_sustentabilidade.webp\" class=\"attachment-full size-full wp-image-1728\" alt=\"\" srcset=\"https:\/\/kordesign.com.br\/clientes\/autogeradora\/wp-content\/uploads\/2025\/10\/autogeradora_site_empresa_800x800px_sustentabilidade.webp 800w, https:\/\/kordesign.com.br\/clientes\/autogeradora\/wp-content\/uploads\/2025\/10\/autogeradora_site_empresa_800x800px_sustentabilidade-300x300.webp 300w, https:\/\/kordesign.com.br\/clientes\/autogeradora\/wp-content\/uploads\/2025\/10\/autogeradora_site_empresa_800x800px_sustentabilidade-150x150.webp 150w, https:\/\/kordesign.com.br\/clientes\/autogeradora\/wp-content\/uploads\/2025\/10\/autogeradora_site_empresa_800x800px_sustentabilidade-768x768.webp 768w\" sizes=\"(max-width: 800px) 100vw, 800px\" \/>\t\t\t\t\t\t\t\t\t\t\t\t\t<\/div>\n\t\t\t\t<\/div>\n\t\t\t\t\t<\/div>\n\t\t<\/div>\n\t\t\t\t\t<\/div>\n\t\t<\/section>\n\t\t\t\t\t<\/div>\n\t\t<\/div>\n\t\t\t\t\t<\/div>\n\t\t<\/section>\n\t\t\t\t<section class=\"elementor-section elementor-top-section elementor-element elementor-element-600575a7 elementor-section-boxed elementor-section-height-default elementor-section-height-default\" data-id=\"600575a7\" data-element_type=\"section\" data-settings=\"{&quot;background_background&quot;:&quot;classic&quot;,&quot;jet_parallax_layout_list&quot;:[],&quot;_ha_eqh_enable&quot;:false}\">\n\t\t\t\t\t\t\t<div class=\"elementor-background-overlay\"><\/div>\n\t\t\t\t\t\t\t<div class=\"elementor-container elementor-column-gap-default\">\n\t\t\t\t\t<div class=\"elementor-column elementor-col-100 elementor-top-column elementor-element elementor-element-e7ef784\" data-id=\"e7ef784\" data-element_type=\"column\">\n\t\t\t<div class=\"elementor-widget-wrap\">\n\t\t\t\t\t\t\t<\/div>\n\t\t<\/div>\n\t\t\t\t\t<\/div>\n\t\t<\/section>\n\t\t<div class=\"elementor-element elementor-element-7e092f2 e-flex e-con-boxed e-con e-parent\" data-id=\"7e092f2\" data-element_type=\"container\" data-settings=\"{&quot;background_background&quot;:&quot;classic&quot;,&quot;jet_parallax_layout_list&quot;:[],&quot;_ha_eqh_enable&quot;:false}\">\n\t\t\t\t\t<div class=\"e-con-inner\">\n\t\t<div class=\"elementor-element elementor-element-c1e1bea e-con-full e-flex e-con e-child\" data-id=\"c1e1bea\" data-element_type=\"container\" data-settings=\"{&quot;jet_parallax_layout_list&quot;:[],&quot;_ha_eqh_enable&quot;:false}\">\n\t\t\t\t<div class=\"elementor-element elementor-element-0b13ce1 elementor-widget elementor-widget-heading\" data-id=\"0b13ce1\" data-element_type=\"widget\" data-widget_type=\"heading.default\">\n\t\t\t\t<div class=\"elementor-widget-container\">\n\t\t\t<h2 class=\"elementor-heading-title elementor-size-default\">Fale conosco<\/h2>\t\t<\/div>\n\t\t\t\t<\/div>\n\t\t\t\t<div class=\"elementor-element elementor-element-fbf62c5 elementor-widget elementor-widget-text-editor\" data-id=\"fbf62c5\" data-element_type=\"widget\" data-widget_type=\"text-editor.default\">\n\t\t\t\t<div class=\"elementor-widget-container\">\n\t\t\t\t\t\t\t<p>Com uma\u00a0<b>equipe de profissionais qualificados<\/b>\u00a0e\u00a0<b>equipamentos modernos<\/b>, estamos preparados para atender as demandas mais exigentes do mercado. Confira a nossa se\u00e7\u00e3o de servi\u00e7os para saber mais detalhes sobre como podemos te ajudar.<\/p>\n<p>Com foco na\u00a0<b>sustentabilidade\u00a0<\/b>e\u00a0<b>respeito ao meio ambiente<\/b>, a Autogeradora investe em pr\u00e1ticas que asseguram a durabilidade e seguran\u00e7a de seus equipamentos, promovendo uma gest\u00e3o respons\u00e1vel dos recursos.<\/p>\n<p>Para um atendimento especializado, entre em contato conosco!<\/p>\n\t\t\t\t\t\t<\/div>\n\t\t\t\t<\/div>\n\t\t\t\t<div class=\"elementor-element elementor-element-fb9bf38 elementor-align-left elementor-mobile-align-left elementor-widget elementor-widget-button\" data-id=\"fb9bf38\" data-element_type=\"widget\" data-widget_type=\"button.default\">\n\t\t\t\t<div class=\"elementor-widget-container\">\n\t\t\t\t\t\t\t<div class=\"elementor-button-wrapper\">\n\t\t\t\t\t<a class=\"elementor-button elementor-button-link elementor-size-sm elementor-animation-float\" href=\"https:\/\/kordesign.com.br\/clientes\/autogeradora\/contato\/\">\n\t\t\t\t\t\t<span class=\"elementor-button-content-wrapper\">\n\t\t\t\t\t\t\t\t\t<span class=\"elementor-button-text\">Contato<\/span>\n\t\t\t\t\t<\/span>\n\t\t\t\t\t<\/a>\n\t\t\t\t<\/div>\n\t\t\t\t\t\t<\/div>\n\t\t\t\t<\/div>\n\t\t\t\t<\/div>\n\t\t<div class=\"elementor-element elementor-element-caf57c4 e-con-full elementor-hidden-tablet elementor-hidden-mobile e-flex e-con e-child\" data-id=\"caf57c4\" data-element_type=\"container\" data-settings=\"{&quot;jet_parallax_layout_list&quot;:[],&quot;_ha_eqh_enable&quot;:false}\">\n\t\t\t\t<div class=\"elementor-element elementor-element-f820987 elementor-widget elementor-widget-image\" data-id=\"f820987\" data-element_type=\"widget\" data-widget_type=\"image.default\">\n\t\t\t\t<div class=\"elementor-widget-container\">\n\t\t\t\t\t\t\t\t\t\t\t\t\t<img loading=\"lazy\" decoding=\"async\" width=\"800\" height=\"800\" src=\"https:\/\/kordesign.com.br\/clientes\/autogeradora\/wp-content\/uploads\/2025\/04\/autogeradora_site_empresa_imagens_800x800px_04.webp\" class=\"attachment-full size-full wp-image-1206\" alt=\"\" srcset=\"https:\/\/kordesign.com.br\/clientes\/autogeradora\/wp-content\/uploads\/2025\/04\/autogeradora_site_empresa_imagens_800x800px_04.webp 800w, https:\/\/kordesign.com.br\/clientes\/autogeradora\/wp-content\/uploads\/2025\/04\/autogeradora_site_empresa_imagens_800x800px_04-300x300.webp 300w, https:\/\/kordesign.com.br\/clientes\/autogeradora\/wp-content\/uploads\/2025\/04\/autogeradora_site_empresa_imagens_800x800px_04-150x150.webp 150w, https:\/\/kordesign.com.br\/clientes\/autogeradora\/wp-content\/uploads\/2025\/04\/autogeradora_site_empresa_imagens_800x800px_04-768x768.webp 768w\" sizes=\"(max-width: 800px) 100vw, 800px\" \/>\t\t\t\t\t\t\t\t\t\t\t\t\t<\/div>\n\t\t\t\t<\/div>\n\t\t\t\t<\/div>\n\t\t\t\t\t<\/div>\n\t\t\t\t<\/div>\n\t\t\t\t<\/div>\n\t\t","protected":false},"excerpt":{"rendered":"<p>Blog Contato<\/p>\n","protected":false},"author":5,"featured_media":216,"parent":0,"menu_order":0,"comment_status":"closed","ping_status":"closed","template":"elementor_header_footer","meta":{"_joinchat":[],"footnotes":""},"class_list":["post-196","page","type-page","status-publish","has-post-thumbnail","hentry"],"_links":{"self":[{"href":"https:\/\/kordesign.com.br\/clientes\/autogeradora\/wp-json\/wp\/v2\/pages\/196","targetHints":{"allow":["GET"]}}],"collection":[{"href":"https:\/\/kordesign.com.br\/clientes\/autogeradora\/wp-json\/wp\/v2\/pages"}],"about":[{"href":"https:\/\/kordesign.com.br\/clientes\/autogeradora\/wp-json\/wp\/v2\/types\/page"}],"author":[{"embeddable":true,"href":"https:\/\/kordesign.com.br\/clientes\/autogeradora\/wp-json\/wp\/v2\/users\/5"}],"replies":[{"embeddable":true,"href":"https:\/\/kordesign.com.br\/clientes\/autogeradora\/wp-json\/wp\/v2\/comments?post=196"}],"version-history":[{"count":3,"href":"https:\/\/kordesign.com.br\/clientes\/autogeradora\/wp-json\/wp\/v2\/pages\/196\/revisions"}],"predecessor-version":[{"id":1766,"href":"https:\/\/kordesign.com.br\/clientes\/autogeradora\/wp-json\/wp\/v2\/pages\/196\/revisions\/1766"}],"wp:featuredmedia":[{"embeddable":true,"href":"https:\/\/kordesign.com.br\/clientes\/autogeradora\/wp-json\/wp\/v2\/media\/216"}],"wp:attachment":[{"href":"https:\/\/kordesign.com.br\/clientes\/autogeradora\/wp-json\/wp\/v2\/media?parent=196"}],"curies":[{"name":"wp","href":"https:\/\/api.w.org\/{rel}","templated":true}]}}