{"id":335,"date":"2025-01-29T22:26:49","date_gmt":"2025-01-29T22:26:49","guid":{"rendered":"https:\/\/autogeradora.w3com.net\/?page_id=335"},"modified":"2025-01-29T23:44:37","modified_gmt":"2025-01-29T23:44:37","slug":"politica-de-privacidade","status":"publish","type":"page","link":"https:\/\/kordesign.com.br\/clientes\/autogeradora\/politica-de-privacidade\/","title":{"rendered":"Pol\u00edtica de Privacidade"},"content":{"rendered":"\t\t<div data-elementor-type=\"wp-page\" data-elementor-id=\"335\" class=\"elementor elementor-335\" data-elementor-settings=\"{&quot;ha_cmc_init_switcher&quot;:&quot;no&quot;}\" data-elementor-post-type=\"page\">\n\t\t\t\t<div class=\"elementor-element elementor-element-d980c3e e-flex e-con-boxed e-con e-parent\" data-id=\"d980c3e\" data-element_type=\"container\" data-settings=\"{&quot;background_background&quot;:&quot;classic&quot;,&quot;jet_parallax_layout_list&quot;:[],&quot;_ha_eqh_enable&quot;:false}\">\n\t\t\t\t\t<div class=\"e-con-inner\">\n\t\t\t\t<div class=\"elementor-element elementor-element-54382be elementor-widget elementor-widget-text-editor\" data-id=\"54382be\" data-element_type=\"widget\" data-widget_type=\"text-editor.default\">\n\t\t\t\t<div class=\"elementor-widget-container\">\n\t\t\t\t\t\t\t<h3><strong>Pol\u00edtica de privacidade e de prote\u00e7\u00e3o de dados da Autogeradora<\/strong><\/h3>\n<p>&nbsp;<\/p>\n<p>A pol\u00edtica de privacidade e de prote\u00e7\u00e3o de dados da Autogeradora foi criada para assegurar a privacidade das informa\u00e7\u00f5es coletadas dos clientes ou usu\u00e1rios. Este documento esclarece os procedimentos de coleta, uso e armazenamento de dados pessoais no portal da Autogeradora, em conformidade com a legisla\u00e7\u00e3o brasileira atualmente em vigor em mat\u00e9ria de privacidade e prote\u00e7\u00e3o de dados pessoais no Brasil, em especial a Lei n\u00ba 13.709\/2018, conforme alterada (Lei Geral de Prote\u00e7\u00e3o de Dados Pessoais &#8211; \u201cLGPD\u201d).<\/p>\n<p>Solicitamos e recomendamos que reserve um tempo para realizar a leitura deste documento.<\/p>\n<p>&nbsp;<\/p>\n<h5>1 &#8211;<strong> Defini\u00e7\u00f5es<\/strong><\/h5>\n<p>Para fins desta pol\u00edtica de privacidade, aplicam-se as seguintes defini\u00e7\u00f5es:<br \/>\n<strong>Cookies<\/strong>: Arquivos enviados pelo servidor do Portal para o computador dos Visitantes, com a finalidade de identificar o computador e obter dados de acesso, como p\u00e1ginas navegadas ou links clicados, permitindo, desta forma, personalizar a navega\u00e7\u00e3o dos Visitantes no Portal, de acordo com o seu perfil.<br \/>\n<strong>Autogeradora:<\/strong> Denomina\u00e7\u00e3o utilizada neste documento para identificar a controladora e propriet\u00e1ria deste Portal, AUTOGERADORA COMERCIO E LOCACAO DE GERADORES E MAQUINAS LTDA, inscrita sob o n\u00ba 10.497.319\/0001-28, com sede na cidade de Porto Alegre\/RS, na Av. das Ind\u00fastrias, 275, bairro S\u00e3o Jo\u00e3o, CEP 90200-290.<br \/>\n<strong>IP<\/strong>: Abreviatura de Internet Protocol. \u00c9 um conjunto de n\u00fameros que identifica o computador dos Visitantes na Internet.<br \/>\n<strong>Logs<\/strong>: Registros de atividades dos Visitantes efetuadas no Portal.<br \/>\n<strong>Portal<\/strong>: Designa o endere\u00e7o eletr\u00f4nico www.autogeradora.com<br \/>\n<strong>Visitante<\/strong>: Qualquer pessoa que navegar pelo Portal.<br \/>\n<strong>Usu\u00e1rio<\/strong>: Visitantes que estiverem autenticados no sistema do Portal.<br \/>\n<strong>Web beacons<\/strong>: Linhas de programa\u00e7\u00e3o em p\u00e1ginas HTML que tem como finalidade obter detalhes da navega\u00e7\u00e3o do usu\u00e1rio, a exemplo de quanto tempo ficou com o Portal aberto, qual endere\u00e7o visitado em seguida, dentre outros.<\/p>\n<p>&nbsp;<\/p>\n<h5>2 &#8211; <strong>Obten\u00e7\u00e3o dos dados e informa\u00e7\u00f5es<\/strong><\/h5>\n<p>2.1 &#8211; Os dados e informa\u00e7\u00f5es ser\u00e3o obtidos quando os Visitantes interagirem com as diversas funcionalidades existentes no Portal, fornecendo as informa\u00e7\u00f5es voluntariamente, como na se\u00e7\u00e3o de \u201cContato\u201d, por exemplo.<\/p>\n<p>&nbsp;<\/p>\n<h5>3 &#8211; <strong>Armazenamento dos dados e informa\u00e7\u00f5es<\/strong><\/h5>\n<p>3.1 &#8211; Todos os dados e informa\u00e7\u00f5es coletados dos Visitantes ser\u00e3o incorporados ao banco de dados do Portal, sendo sua respons\u00e1vel a Autogeradora.<br \/>\n3.2 &#8211; Os dados e informa\u00e7\u00f5es coletados estar\u00e3o armazenados em ambiente seguro, observado o estado da t\u00e9cnica dispon\u00edvel, e somente poder\u00e3o ser acessados por pessoas qualificadas e autorizadas pela Autogeradora.<br \/>\n3.3 &#8211; Considerando que nenhum sistema de seguran\u00e7a \u00e9 absolutamente seguro, a Autogeradora se exime de quaisquer responsabilidades por eventuais danos e\/ou preju\u00edzos decorrentes de falhas, v\u00edrus ou invas\u00f5es do banco de dados do Portal, salvo nos casos de dolo ou previstos expressamente em Lei.<br \/>\n3.4 &#8211; A Autogeradora coleta somente as informa\u00e7\u00f5es indispens\u00e1veis \u00e0 viabiliza\u00e7\u00e3o de seu neg\u00f3cio.<\/p>\n<p>&nbsp;<\/p>\n<h5>4 &#8211; <strong>Uso dos dados e informa\u00e7\u00f5es<\/strong><\/h5>\n<p><strong><br \/>\n<\/strong>4.1 &#8211; Os dados e informa\u00e7\u00f5es coletados dos Visitantes poder\u00e3o ser utilizados para as seguintes finalidades:<br \/>\na) Responder a eventuais d\u00favidas e solicita\u00e7\u00f5es dos Visitantes.<br \/>\nb) Cumprimento de ordem legal ou judicial.<br \/>\nc) Constituir, defender ou exercer regularmente direitos em \u00e2mbito judicial ou administrativo.<br \/>\nd) Elaborar estat\u00edsticas gerais, para identifica\u00e7\u00e3o do perfil dos Visitantes e desenvolvimento de campanhas da Autogeradora, mas sem realizar identifica\u00e7\u00e3o pessoal.<br \/>\ne) Garantir a seguran\u00e7a dos Visitantes.<br \/>\nf) Manter atualizados os cadastros dos Visitantes para fins de contato por telefone, correio eletr\u00f4nico, SMS, mala-direta ou por outros meios de comunica\u00e7\u00e3o.<br \/>\ng) Informar a respeito de novidades, promo\u00e7\u00f5es e eventos da Autogeradora e de seus parceiros comerciais.<br \/>\n4.2 &#8211; A base de dados coletados pelo Portal Autogeradora n\u00e3o ser\u00e1 compartilhada, vendida, cedida, transferida, informada ou alugada a terceiros.<br \/>\n4.3 &#8211; Os dados adquiridos somente poder\u00e3o ser acessados por profissionais devidamente autorizados pela Autogeradora, respeitando a necessidade a que ser\u00e3o submetidos, a relev\u00e2ncia para os objetivos do Portal e aos interesses dos usu\u00e1rios, al\u00e9m de preservar a privacidade dos usu\u00e1rios.<br \/>\n4.4 &#8211; Caso o Usu\u00e1rio deixe de utilizar os servi\u00e7os oferecidos pelo Portal, a Autogeradora poder\u00e1, para fins de auditoria e preserva\u00e7\u00e3o de direitos, permanecer com o registro de seus dados e informa\u00e7\u00f5es, pelo per\u00edodo m\u00e1ximo de 5 (cinco) anos, com a faculdade de exclu\u00ed-los definitivamente segundo sua conveni\u00eancia.<\/p>\n<p>&nbsp;<\/p>\n<h5>5 &#8211; <strong>Responsabilidade<\/strong><\/h5>\n<p>5.1 &#8211; A Autogeradora prev\u00ea a responsabilidade dos agentes que atuam nos processos de tratamento de dados, em conformidade com os artigos 42 ao 45 da Lei Geral de Prote\u00e7\u00e3o de Dados.<\/p>\n<p>5.2 &#8211; Nos comprometemos em manter esta Pol\u00edtica de Privacidade atualizada, observando suas disposi\u00e7\u00f5es e zelando por seu cumprimento.<\/p>\n<p>5.3 &#8211; Al\u00e9m disso, tamb\u00e9m assumimos o compromisso de buscar condi\u00e7\u00f5es t\u00e9cnicas e organizativas seguramente aptas a proteger todo o processo de tratamento de dados.<\/p>\n<p>5.4 &#8211; Caso a Autoridade Nacional de Prote\u00e7\u00e3o de Dados exija a ado\u00e7\u00e3o de provid\u00eancias em rela\u00e7\u00e3o ao tratamento de dados realizado pela Autogeradora, comprometemo-nos a segui-las.<\/p>\n<p><strong>\u00a0<\/strong><\/p>\n<h5>6 &#8211; <strong>Isen\u00e7\u00e3o de responsabilidade<\/strong><\/h5>\n<p>6.1 &#8211; Conforme mencionado no t\u00f3pico anterior, embora adotemos elevados padr\u00f5es de seguran\u00e7a a fim de evitar incidentes, n\u00e3o h\u00e1 nenhuma p\u00e1gina virtual inteiramente livre de riscos. Nesse sentido, a Autogeradora n\u00e3o se responsabiliza por:<\/p>\n<ol>\n<li>a) Quaisquer consequ\u00eancias decorrentes da neglig\u00eancia, imprud\u00eancia ou imper\u00edcia dos usu\u00e1rios em rela\u00e7\u00e3o a seus dados individuais. Garantimos e nos responsabilizamos apenas pela seguran\u00e7a dos processos de tratamento de dados e do cumprimento das finalidades descritas no presente instrumento. Destacamos que a responsabilidade em rela\u00e7\u00e3o \u00e0 confidencialidade dos dados de acesso \u00e9 do usu\u00e1rio.<\/li>\n<li>b) A\u00e7\u00f5es maliciosas de terceiros, como ataques de hackers, exceto se comprovada conduta culposa ou deliberada da Autogeradora. Destacamos que em caso de incidentes de seguran\u00e7a que possam gerar risco ou dano relevante para voc\u00ea ou qualquer um de nossos usu\u00e1rios\/clientes, comunicaremos aos afetados e \u00e0 Autoridade Nacional de Prote\u00e7\u00e3o de Dados sobre o ocorrido e cumpriremos as provid\u00eancias necess\u00e1rias.<\/li>\n<li>c) Inveracidade das informa\u00e7\u00f5es inseridas pelo usu\u00e1rio\/cliente nos registros necess\u00e1rios para a utiliza\u00e7\u00e3o dos servi\u00e7os da Autogeradora; quaisquer consequ\u00eancias decorrentes de informa\u00e7\u00f5es falsas ou inseridas de m\u00e1-f\u00e9 s\u00e3o de inteiramente responsabilidade do usu\u00e1rio\/cliente.<\/li>\n<\/ol>\n<p>&nbsp;<\/p>\n<h5>7 &#8211; <strong>Direitos do titular de dados e informa\u00e7\u00f5es pessoais<\/strong><\/h5>\n<p>7.1 &#8211; Na qualidade de titular de dados pessoais, voc\u00ea poder\u00e1 entrar em contato com a Autogeradora para exercer determinados direitos, de modo a requerer:<\/p>\n<ol>\n<li>a) A confirma\u00e7\u00e3o da exist\u00eancia de tratamento de seus dados pessoais.<\/li>\n<li>b) Acesso aos seus dados.<\/li>\n<li>c) Corre\u00e7\u00e3o de seus dados incompletos, inexatos ou desatualizados.<\/li>\n<li>d) A anonimiza\u00e7\u00e3o, bloqueio ou elimina\u00e7\u00e3o de seus dados que sejam desnecess\u00e1rios, excessivos, ou tratados em desconformidade com o disposto na legisla\u00e7\u00e3o aplic\u00e1vel.<\/li>\n<li>e) A elimina\u00e7\u00e3o dos seus dados pessoais, exceto nas hip\u00f3teses previstas na legisla\u00e7\u00e3o aplic\u00e1vel.<\/li>\n<li>f) Informa\u00e7\u00f5es sobre a possibilidade de voc\u00ea n\u00e3o fornecer consentimento e sobre as consequ\u00eancias da sua negativa.<\/li>\n<li>g) Oposi\u00e7\u00e3o a qualquer tratamento de dados pessoais em que seu consentimento \u00e9 dispensado, desde que tenha ocorrido o descumprimento ao disposto na legisla\u00e7\u00e3o aplic\u00e1vel e resguardado o interesse p\u00fablico que possa justificar a continuidade do tratamento.<\/li>\n<\/ol>\n<p><strong>\u00a0<\/strong><\/p>\n<h6>8 &#8211; <strong>Cookies<\/strong><\/h6>\n<p>8.1 &#8211; O Portal poder\u00e1 fazer o uso de cookies, cabendo aos Visitantes configurarem o seu navegador de Internet, caso deseje bloque\u00e1-los. Nesta hip\u00f3tese, algumas funcionalidades do Portal poder\u00e3o ser limitadas.<br \/>\n8.2 &#8211; Tamb\u00e9m, o Portal poder\u00e1 utilizar web beacons para coletar dados de comportamento dos visitantes das p\u00e1ginas, onde a instala\u00e7\u00e3o de arquivos nos equipamentos dos visitantes n\u00e3o \u00e9 necess\u00e1ria.<br \/>\n8.3 &#8211; Outras tecnologias poder\u00e3o ser utilizadas para a obten\u00e7\u00e3o de dados de navega\u00e7\u00e3o pelo usu\u00e1rio, no entanto, respeitar\u00e3o sempre aos termos desta pol\u00edtica e as op\u00e7\u00f5es do usu\u00e1rio a respeito de sua coleta e armazenamento.<\/p>\n<p>&nbsp;<\/p>\n<h5>9 &#8211; <strong>Disposi\u00e7\u00f5es gerais<\/strong><\/h5>\n<p><strong><br \/>\n<\/strong>9.1 &#8211; As disposi\u00e7\u00f5es constantes desta Pol\u00edtica de Privacidade poder\u00e3o ser atualizadas ou modificadas a qualquer momento, cabendo aos Visitantes verific\u00e1-la sempre que efetuar o acesso ao Portal.<br \/>\n9.2 &#8211; Os Visitantes dever\u00e3o entrar em contato em caso de qualquer d\u00favida com rela\u00e7\u00e3o \u00e0s disposi\u00e7\u00f5es constantes desta Pol\u00edtica de Privacidade atrav\u00e9s da Se\u00e7\u00e3o de \u201cContato\u201d.<br \/>\n9.3 &#8211; O usu\u00e1rio ao colocar informa\u00e7\u00f5es em uma \u00e1rea p\u00fablica do Portal Autogeradora est\u00e1 ciente de que elas estar\u00e3o dispon\u00edveis a outros Visitantes e Usu\u00e1rios do Portal.<br \/>\n9.4 &#8211; A Autogeradora n\u00e3o pode controlar o que fazem os Visitantes e Usu\u00e1rios da informa\u00e7\u00e3o publicada no Portal. Lembre-se de que qualquer informa\u00e7\u00e3o divulgada nestas \u00e1reas pode tornar-se informa\u00e7\u00e3o p\u00fablica e que, portanto, \u00e9 importante cautela e bom senso ao publicar qualquer conte\u00fado.<\/p>\n<p>&nbsp;<\/p>\n<h5>10 &#8211; <strong>Pedido de modifica\u00e7\u00e3o, remo\u00e7\u00e3o ou altera\u00e7\u00e3o<\/strong><\/h5>\n<p>10.1 &#8211; Entendemos que voc\u00ea possa, eventualmente, querer modificar, remover ou alterar seus dados pessoais.<\/p>\n<p>10.2 &#8211; Se voc\u00ea deseja fazer uma altera\u00e7\u00e3o, uma remo\u00e7\u00e3o ou uma modifica\u00e7\u00e3o, entre em contato conosco e n\u00f3s faremos o poss\u00edvel para atender \u00e0 sua solicita\u00e7\u00e3o. No entanto, tenha em mente que, em alguns casos, pode n\u00e3o ser poss\u00edvel atender \u00e0 sua solicita\u00e7\u00e3o, especialmente se for necess\u00e1ria para cumprir nossas obriga\u00e7\u00f5es legais ou contratuais.<\/p>\n<p>10.3 &#8211; Al\u00e9m disso, lembre-se de que, se voc\u00ea solicitar a remo\u00e7\u00e3o de seus dados pessoais do nosso banco de dados, isso pode afetar o uso de nosso site e servi\u00e7os. Se voc\u00ea n\u00e3o puder fazer uma altera\u00e7\u00e3o ou uma modifica\u00e7\u00e3o, ou se desejar excluir seus dados pessoais, <a href=\"https:\/\/api.whatsapp.com\/send?phone=5508003587400\"><strong>entre em contato<\/strong><\/a> conosco para podermos discutir outras op\u00e7\u00f5es.<\/p>\n<p>&nbsp;<\/p>\n<h5>11 &#8211; <strong>Lei aplic\u00e1vel e jurisdi\u00e7\u00e3o<\/strong><\/h5>\n<p>11.1 &#8211; A presente Pol\u00edtica de Privacidade ser\u00e1 interpretada segundo a legisla\u00e7\u00e3o brasileira, no idioma portugu\u00eas, sendo eleito o Foro da Comarca de Porto Alegre no estado do Rio Grande do Sul para dirimir qualquer lit\u00edgio, quest\u00e3o ou d\u00favida superveniente, com expressa ren\u00fancia de qualquer outro, por mais privilegiado que seja.<\/p>\n<p>&nbsp;<\/p>\n<h4><strong>AUTOGERADORA COMERCIO E LOCACAO DE GERADORES E MAQUINAS LTDA<\/strong><\/h4>\n\t\t\t\t\t\t<\/div>\n\t\t\t\t<\/div>\n\t\t\t\t\t<\/div>\n\t\t\t\t<\/div>\n\t\t\t\t<\/div>\n\t\t","protected":false},"excerpt":{"rendered":"","protected":false},"author":5,"featured_media":216,"parent":0,"menu_order":0,"comment_status":"closed","ping_status":"closed","template":"","meta":{"_joinchat":[],"footnotes":""},"class_list":["post-335","page","type-page","status-publish","has-post-thumbnail","hentry"],"_links":{"self":[{"href":"https:\/\/kordesign.com.br\/clientes\/autogeradora\/wp-json\/wp\/v2\/pages\/335","targetHints":{"allow":["GET"]}}],"collection":[{"href":"https:\/\/kordesign.com.br\/clientes\/autogeradora\/wp-json\/wp\/v2\/pages"}],"about":[{"href":"https:\/\/kordesign.com.br\/clientes\/autogeradora\/wp-json\/wp\/v2\/types\/page"}],"author":[{"embeddable":true,"href":"https:\/\/kordesign.com.br\/clientes\/autogeradora\/wp-json\/wp\/v2\/users\/5"}],"replies":[{"embeddable":true,"href":"https:\/\/kordesign.com.br\/clientes\/autogeradora\/wp-json\/wp\/v2\/comments?post=335"}],"version-history":[{"count":0,"href":"https:\/\/kordesign.com.br\/clientes\/autogeradora\/wp-json\/wp\/v2\/pages\/335\/revisions"}],"wp:featuredmedia":[{"embeddable":true,"href":"https:\/\/kordesign.com.br\/clientes\/autogeradora\/wp-json\/wp\/v2\/media\/216"}],"wp:attachment":[{"href":"https:\/\/kordesign.com.br\/clientes\/autogeradora\/wp-json\/wp\/v2\/media?parent=335"}],"curies":[{"name":"wp","href":"https:\/\/api.w.org\/{rel}","templated":true}]}}