{"id":603,"date":"2025-01-30T23:37:42","date_gmt":"2025-01-30T23:37:42","guid":{"rendered":"https:\/\/autogeradora.w3com.net\/?page_id=603"},"modified":"2025-10-22T20:59:41","modified_gmt":"2025-10-22T20:59:41","slug":"servicos","status":"publish","type":"page","link":"https:\/\/kordesign.com.br\/clientes\/autogeradora\/servicos\/","title":{"rendered":"Servi\u00e7os"},"content":{"rendered":"\t\t<div data-elementor-type=\"wp-page\" data-elementor-id=\"603\" class=\"elementor elementor-603\" data-elementor-settings=\"{&quot;ha_cmc_init_switcher&quot;:&quot;no&quot;}\" data-elementor-post-type=\"page\">\n\t\t\t\t<div class=\"elementor-element elementor-element-fe173ad e-flex e-con-boxed e-con e-parent\" data-id=\"fe173ad\" data-element_type=\"container\" data-settings=\"{&quot;background_background&quot;:&quot;classic&quot;,&quot;jet_parallax_layout_list&quot;:[],&quot;_ha_eqh_enable&quot;:false}\">\n\t\t\t\t\t<div class=\"e-con-inner\">\n\t\t<div class=\"elementor-element elementor-element-47cf3f1 e-con-full e-flex e-con e-child\" data-id=\"47cf3f1\" data-element_type=\"container\" data-settings=\"{&quot;jet_parallax_layout_list&quot;:[],&quot;_ha_eqh_enable&quot;:false}\">\n\t\t\t\t<div class=\"elementor-element elementor-element-2cdd272 elementor-widget elementor-widget-heading\" data-id=\"2cdd272\" data-element_type=\"widget\" data-widget_type=\"heading.default\">\n\t\t\t\t<div class=\"elementor-widget-container\">\n\t\t\t<h2 class=\"elementor-heading-title elementor-size-default\">Servi\u00e7os<\/h2>\t\t<\/div>\n\t\t\t\t<\/div>\n\t\t\t\t<div class=\"elementor-element elementor-element-f3e61b3 elementor-widget elementor-widget-text-editor\" data-id=\"f3e61b3\" data-element_type=\"widget\" data-widget_type=\"text-editor.default\">\n\t\t\t\t<div class=\"elementor-widget-container\">\n\t\t\t\t\t\t\tOferecemos servi\u00e7os de manuten\u00e7\u00e3o preventiva, preditiva e corretiva para garantir o funcionamento cont\u00ednuo dos geradores.\t\t\t\t\t\t<\/div>\n\t\t\t\t<\/div>\n\t\t\t\t<div class=\"elementor-element elementor-element-0c7a00f servicos ha-advanced-tooltip-top ha-has-bg-overlay elementor-widget elementor-widget-jet-listing-grid\" data-id=\"0c7a00f\" data-element_type=\"widget\" id=\"servicos\" data-settings=\"{&quot;columns&quot;:3,&quot;columns_tablet&quot;:&quot;2&quot;,&quot;columns_mobile&quot;:&quot;1&quot;}\" data-widget_type=\"jet-listing-grid.default\">\n\t\t\t\t<div class=\"elementor-widget-container\">\n\t\t\t<div class=\"jet-listing-grid jet-listing\"><div class=\"jet-listing-grid__items grid-col-desk-3 grid-col-tablet-2 grid-col-mobile-1 jet-listing-grid--604 grid-collapse-gap\" data-queried-id=\"603|WP_Post\" data-nav=\"{&quot;enabled&quot;:false,&quot;type&quot;:null,&quot;more_el&quot;:null,&quot;query&quot;:[],&quot;widget_settings&quot;:{&quot;lisitng_id&quot;:604,&quot;posts_num&quot;:9,&quot;columns&quot;:3,&quot;columns_tablet&quot;:2,&quot;columns_mobile&quot;:1,&quot;is_archive_template&quot;:&quot;&quot;,&quot;post_status&quot;:[&quot;publish&quot;],&quot;use_random_posts_num&quot;:&quot;&quot;,&quot;max_posts_num&quot;:9,&quot;not_found_message&quot;:&quot;Nenhum servi\\u00e7o encontrado.&quot;,&quot;is_masonry&quot;:false,&quot;equal_columns_height&quot;:&quot;&quot;,&quot;use_load_more&quot;:&quot;&quot;,&quot;load_more_id&quot;:&quot;&quot;,&quot;load_more_type&quot;:&quot;click&quot;,&quot;load_more_offset&quot;:{&quot;unit&quot;:&quot;px&quot;,&quot;size&quot;:0,&quot;sizes&quot;:[]},&quot;use_custom_post_types&quot;:&quot;&quot;,&quot;custom_post_types&quot;:[],&quot;hide_widget_if&quot;:&quot;&quot;,&quot;carousel_enabled&quot;:&quot;&quot;,&quot;slides_to_scroll&quot;:&quot;1&quot;,&quot;arrows&quot;:&quot;true&quot;,&quot;arrow_icon&quot;:&quot;fa fa-angle-left&quot;,&quot;dots&quot;:&quot;&quot;,&quot;autoplay&quot;:&quot;true&quot;,&quot;pause_on_hover&quot;:&quot;true&quot;,&quot;autoplay_speed&quot;:5000,&quot;infinite&quot;:&quot;true&quot;,&quot;center_mode&quot;:&quot;&quot;,&quot;effect&quot;:&quot;slide&quot;,&quot;speed&quot;:500,&quot;inject_alternative_items&quot;:&quot;&quot;,&quot;injection_items&quot;:[],&quot;scroll_slider_enabled&quot;:&quot;&quot;,&quot;scroll_slider_on&quot;:[&quot;desktop&quot;,&quot;tablet&quot;,&quot;mobile&quot;],&quot;custom_query&quot;:false,&quot;custom_query_id&quot;:&quot;4&quot;,&quot;_element_id&quot;:&quot;servicos&quot;,&quot;collapse_first_last_gap&quot;:&quot;true&quot;,&quot;list_items_wrapper_tag&quot;:&quot;div&quot;,&quot;list_item_tag&quot;:&quot;div&quot;,&quot;empty_items_wrapper_tag&quot;:&quot;div&quot;}}\" data-page=\"1\" data-pages=\"1\" data-listing-source=\"posts\" data-listing-id=\"604\" data-query-id=\"\"><div class=\"jet-listing-grid__item jet-listing-dynamic-post-599\" data-post-id=\"599\" ><div class=\"jet-engine-listing-overlay-wrap\" data-url=\"https:\/\/kordesign.com.br\/clientes\/autogeradora\/servicos\/manutencao-preditiva\/\">\t\t<div data-elementor-type=\"jet-listing-items\" data-elementor-id=\"604\" class=\"elementor elementor-604\" data-elementor-settings=\"{&quot;ha_cmc_init_switcher&quot;:&quot;no&quot;}\" data-elementor-post-type=\"jet-engine\">\n\t\t\t\t<div class=\"elementor-element elementor-element-29d1c77 e-flex e-con-boxed e-con e-parent\" data-id=\"29d1c77\" data-element_type=\"container\" data-settings=\"{&quot;background_background&quot;:&quot;classic&quot;,&quot;_ha_eqh_enable&quot;:false,&quot;jet_parallax_layout_list&quot;:[]}\">\n\t\t\t\t\t<div class=\"e-con-inner\">\n\t\t\t\t<div class=\"elementor-element elementor-element-8a4f144 elementor-widget elementor-widget-image\" data-id=\"8a4f144\" data-element_type=\"widget\" data-widget_type=\"image.default\">\n\t\t\t\t<div class=\"elementor-widget-container\">\n\t\t\t\t\t\t\t\t\t\t\t\t\t<img decoding=\"async\" src=\"https:\/\/kordesign.com.br\/clientes\/autogeradora\/wp-content\/uploads\/elementor\/thumbs\/autogeradora_site_servico_manutencao_preditiva_800x800px-1-ra411oepof8j856i7dwev6slwewzzi6lw2ydbtyg6o.webp\" title=\"autogeradora_site_servico_manutencao_preditiva_800x800px\" alt=\"autogeradora_site_servico_manutencao_preditiva_800x800px\" loading=\"lazy\" \/>\t\t\t\t\t\t\t\t\t\t\t\t\t<\/div>\n\t\t\t\t<\/div>\n\t\t\t\t\t<\/div>\n\t\t\t\t<\/div>\n\t\t<div class=\"elementor-element elementor-element-21fa5d5 e-flex e-con-boxed e-con e-parent\" data-id=\"21fa5d5\" data-element_type=\"container\" data-settings=\"{&quot;background_background&quot;:&quot;classic&quot;,&quot;_ha_eqh_enable&quot;:false,&quot;jet_parallax_layout_list&quot;:[]}\">\n\t\t\t\t\t<div class=\"e-con-inner\">\n\t\t\t\t<div class=\"elementor-element elementor-element-d5ca892 elementor-widget elementor-widget-heading\" data-id=\"d5ca892\" data-element_type=\"widget\" data-widget_type=\"heading.default\">\n\t\t\t\t<div class=\"elementor-widget-container\">\n\t\t\t<h2 class=\"elementor-heading-title elementor-size-default\">Manuten\u00e7\u00e3o preditiva<\/h2>\t\t<\/div>\n\t\t\t\t<\/div>\n\t\t\t\t\t<\/div>\n\t\t\t\t<\/div>\n\t\t\t\t<\/div>\n\t\t<a href=\"https:\/\/kordesign.com.br\/clientes\/autogeradora\/servicos\/manutencao-preditiva\/\" class=\"jet-engine-listing-overlay-link\"><\/a><\/div><\/div><div class=\"jet-listing-grid__item jet-listing-dynamic-post-600\" data-post-id=\"600\" ><div class=\"jet-engine-listing-overlay-wrap\" data-url=\"https:\/\/kordesign.com.br\/clientes\/autogeradora\/servicos\/manutencao-preventiva\/\">\t\t<div data-elementor-type=\"jet-listing-items\" data-elementor-id=\"604\" class=\"elementor elementor-604\" data-elementor-settings=\"{&quot;ha_cmc_init_switcher&quot;:&quot;no&quot;}\" data-elementor-post-type=\"jet-engine\">\n\t\t\t\t<div class=\"elementor-element elementor-element-29d1c77 e-flex e-con-boxed e-con e-parent\" data-id=\"29d1c77\" data-element_type=\"container\" data-settings=\"{&quot;background_background&quot;:&quot;classic&quot;,&quot;_ha_eqh_enable&quot;:false,&quot;jet_parallax_layout_list&quot;:[]}\">\n\t\t\t\t\t<div class=\"e-con-inner\">\n\t\t\t\t<div class=\"elementor-element elementor-element-8a4f144 elementor-widget elementor-widget-image\" data-id=\"8a4f144\" data-element_type=\"widget\" data-widget_type=\"image.default\">\n\t\t\t\t<div class=\"elementor-widget-container\">\n\t\t\t\t\t\t\t\t\t\t\t\t\t<img decoding=\"async\" src=\"https:\/\/kordesign.com.br\/clientes\/autogeradora\/wp-content\/uploads\/elementor\/thumbs\/autogeradora_site_servico_manutencao_preventiva_800x800px-2-ra40z2euoznuz4z1g99pxuiihvsalrtg75ptc5ttgw.webp\" title=\"autogeradora_site_servico_manutencao_preventiva_800x800px\" alt=\"autogeradora_site_servico_manutencao_preventiva_800x800px\" loading=\"lazy\" \/>\t\t\t\t\t\t\t\t\t\t\t\t\t<\/div>\n\t\t\t\t<\/div>\n\t\t\t\t\t<\/div>\n\t\t\t\t<\/div>\n\t\t<div class=\"elementor-element elementor-element-21fa5d5 e-flex e-con-boxed e-con e-parent\" data-id=\"21fa5d5\" data-element_type=\"container\" data-settings=\"{&quot;background_background&quot;:&quot;classic&quot;,&quot;_ha_eqh_enable&quot;:false,&quot;jet_parallax_layout_list&quot;:[]}\">\n\t\t\t\t\t<div class=\"e-con-inner\">\n\t\t\t\t<div class=\"elementor-element elementor-element-d5ca892 elementor-widget elementor-widget-heading\" data-id=\"d5ca892\" data-element_type=\"widget\" data-widget_type=\"heading.default\">\n\t\t\t\t<div class=\"elementor-widget-container\">\n\t\t\t<h2 class=\"elementor-heading-title elementor-size-default\">Manuten\u00e7\u00e3o preventiva<\/h2>\t\t<\/div>\n\t\t\t\t<\/div>\n\t\t\t\t\t<\/div>\n\t\t\t\t<\/div>\n\t\t\t\t<\/div>\n\t\t<a href=\"https:\/\/kordesign.com.br\/clientes\/autogeradora\/servicos\/manutencao-preventiva\/\" class=\"jet-engine-listing-overlay-link\"><\/a><\/div><\/div><div class=\"jet-listing-grid__item jet-listing-dynamic-post-595\" data-post-id=\"595\" ><div class=\"jet-engine-listing-overlay-wrap\" data-url=\"https:\/\/kordesign.com.br\/clientes\/autogeradora\/servicos\/manutencao-corretiva\/\">\t\t<div data-elementor-type=\"jet-listing-items\" data-elementor-id=\"604\" class=\"elementor elementor-604\" data-elementor-settings=\"{&quot;ha_cmc_init_switcher&quot;:&quot;no&quot;}\" data-elementor-post-type=\"jet-engine\">\n\t\t\t\t<div class=\"elementor-element elementor-element-29d1c77 e-flex e-con-boxed e-con e-parent\" data-id=\"29d1c77\" data-element_type=\"container\" data-settings=\"{&quot;background_background&quot;:&quot;classic&quot;,&quot;_ha_eqh_enable&quot;:false,&quot;jet_parallax_layout_list&quot;:[]}\">\n\t\t\t\t\t<div class=\"e-con-inner\">\n\t\t\t\t<div class=\"elementor-element elementor-element-8a4f144 elementor-widget elementor-widget-image\" data-id=\"8a4f144\" data-element_type=\"widget\" data-widget_type=\"image.default\">\n\t\t\t\t<div class=\"elementor-widget-container\">\n\t\t\t\t\t\t\t\t\t\t\t\t\t<img decoding=\"async\" src=\"https:\/\/kordesign.com.br\/clientes\/autogeradora\/wp-content\/uploads\/elementor\/thumbs\/autogeradora_site_servico_manutencao_corretiva_800x800px-2-rbstwcujrsorn1pb9jqz3m73zi9aqxh5pbx4yqdbw0.webp\" title=\"autogeradora_site_servico_manutencao_corretiva_800x800px\" alt=\"autogeradora_site_servico_manutencao_corretiva_800x800px\" loading=\"lazy\" \/>\t\t\t\t\t\t\t\t\t\t\t\t\t<\/div>\n\t\t\t\t<\/div>\n\t\t\t\t\t<\/div>\n\t\t\t\t<\/div>\n\t\t<div class=\"elementor-element elementor-element-21fa5d5 e-flex e-con-boxed e-con e-parent\" data-id=\"21fa5d5\" data-element_type=\"container\" data-settings=\"{&quot;background_background&quot;:&quot;classic&quot;,&quot;_ha_eqh_enable&quot;:false,&quot;jet_parallax_layout_list&quot;:[]}\">\n\t\t\t\t\t<div class=\"e-con-inner\">\n\t\t\t\t<div class=\"elementor-element elementor-element-d5ca892 elementor-widget elementor-widget-heading\" data-id=\"d5ca892\" data-element_type=\"widget\" data-widget_type=\"heading.default\">\n\t\t\t\t<div class=\"elementor-widget-container\">\n\t\t\t<h2 class=\"elementor-heading-title elementor-size-default\">Manuten\u00e7\u00e3o corretiva<\/h2>\t\t<\/div>\n\t\t\t\t<\/div>\n\t\t\t\t\t<\/div>\n\t\t\t\t<\/div>\n\t\t\t\t<\/div>\n\t\t<a href=\"https:\/\/kordesign.com.br\/clientes\/autogeradora\/servicos\/manutencao-corretiva\/\" class=\"jet-engine-listing-overlay-link\"><\/a><\/div><\/div><div class=\"jet-listing-grid__item jet-listing-dynamic-post-1411\" data-post-id=\"1411\" ><div class=\"jet-engine-listing-overlay-wrap\" data-url=\"https:\/\/kordesign.com.br\/clientes\/autogeradora\/servicos\/banco-de-cargas-resistivas\/\">\t\t<div data-elementor-type=\"jet-listing-items\" data-elementor-id=\"604\" class=\"elementor elementor-604\" data-elementor-settings=\"{&quot;ha_cmc_init_switcher&quot;:&quot;no&quot;}\" data-elementor-post-type=\"jet-engine\">\n\t\t\t\t<div class=\"elementor-element elementor-element-29d1c77 e-flex e-con-boxed e-con e-parent\" data-id=\"29d1c77\" data-element_type=\"container\" data-settings=\"{&quot;background_background&quot;:&quot;classic&quot;,&quot;_ha_eqh_enable&quot;:false,&quot;jet_parallax_layout_list&quot;:[]}\">\n\t\t\t\t\t<div class=\"e-con-inner\">\n\t\t\t\t<div class=\"elementor-element elementor-element-8a4f144 elementor-widget elementor-widget-image\" data-id=\"8a4f144\" data-element_type=\"widget\" data-widget_type=\"image.default\">\n\t\t\t\t<div class=\"elementor-widget-container\">\n\t\t\t\t\t\t\t\t\t\t\t\t\t<img decoding=\"async\" src=\"https:\/\/kordesign.com.br\/clientes\/autogeradora\/wp-content\/uploads\/elementor\/thumbs\/autogeradora_site_servico_banco_de_cargas_resistivas_800x800px-ra40p3ci6a0bs3gloy28hd4fkoy2xe7zhsic0gm7hs.webp\" title=\"autogeradora_site_servico_banco_de_cargas_resistivas_800x800px\" alt=\"autogeradora_site_servico_banco_de_cargas_resistivas_800x800px\" loading=\"lazy\" \/>\t\t\t\t\t\t\t\t\t\t\t\t\t<\/div>\n\t\t\t\t<\/div>\n\t\t\t\t\t<\/div>\n\t\t\t\t<\/div>\n\t\t<div class=\"elementor-element elementor-element-21fa5d5 e-flex e-con-boxed e-con e-parent\" data-id=\"21fa5d5\" data-element_type=\"container\" data-settings=\"{&quot;background_background&quot;:&quot;classic&quot;,&quot;_ha_eqh_enable&quot;:false,&quot;jet_parallax_layout_list&quot;:[]}\">\n\t\t\t\t\t<div class=\"e-con-inner\">\n\t\t\t\t<div class=\"elementor-element elementor-element-d5ca892 elementor-widget elementor-widget-heading\" data-id=\"d5ca892\" data-element_type=\"widget\" data-widget_type=\"heading.default\">\n\t\t\t\t<div class=\"elementor-widget-container\">\n\t\t\t<h2 class=\"elementor-heading-title elementor-size-default\">Banco de cargas resistivas<\/h2>\t\t<\/div>\n\t\t\t\t<\/div>\n\t\t\t\t\t<\/div>\n\t\t\t\t<\/div>\n\t\t\t\t<\/div>\n\t\t<a href=\"https:\/\/kordesign.com.br\/clientes\/autogeradora\/servicos\/banco-de-cargas-resistivas\/\" class=\"jet-engine-listing-overlay-link\"><\/a><\/div><\/div><div class=\"jet-listing-grid__item jet-listing-dynamic-post-1407\" data-post-id=\"1407\" ><div class=\"jet-engine-listing-overlay-wrap\" data-url=\"https:\/\/kordesign.com.br\/clientes\/autogeradora\/servicos\/dialise-de-oleo-combustivel\/\">\t\t<div data-elementor-type=\"jet-listing-items\" data-elementor-id=\"604\" class=\"elementor elementor-604\" data-elementor-settings=\"{&quot;ha_cmc_init_switcher&quot;:&quot;no&quot;}\" data-elementor-post-type=\"jet-engine\">\n\t\t\t\t<div class=\"elementor-element elementor-element-29d1c77 e-flex e-con-boxed e-con e-parent\" data-id=\"29d1c77\" data-element_type=\"container\" data-settings=\"{&quot;background_background&quot;:&quot;classic&quot;,&quot;_ha_eqh_enable&quot;:false,&quot;jet_parallax_layout_list&quot;:[]}\">\n\t\t\t\t\t<div class=\"e-con-inner\">\n\t\t\t\t<div class=\"elementor-element elementor-element-8a4f144 elementor-widget elementor-widget-image\" data-id=\"8a4f144\" data-element_type=\"widget\" data-widget_type=\"image.default\">\n\t\t\t\t<div class=\"elementor-widget-container\">\n\t\t\t\t\t\t\t\t\t\t\t\t\t<img decoding=\"async\" src=\"https:\/\/kordesign.com.br\/clientes\/autogeradora\/wp-content\/uploads\/elementor\/thumbs\/autogeradora_site_servico_800x800_dialise_de_oleo_combustivel-1-rdhjz6vjwpgit397cjw6h8myh5pzvse54e75fitoj4.webp\" title=\"autogeradora_site_servico_800x800_dialise_de_oleo_combustivel (1)\" alt=\"autogeradora_site_servico_800x800_dialise_de_oleo_combustivel (1)\" loading=\"lazy\" \/>\t\t\t\t\t\t\t\t\t\t\t\t\t<\/div>\n\t\t\t\t<\/div>\n\t\t\t\t\t<\/div>\n\t\t\t\t<\/div>\n\t\t<div class=\"elementor-element elementor-element-21fa5d5 e-flex e-con-boxed e-con e-parent\" data-id=\"21fa5d5\" data-element_type=\"container\" data-settings=\"{&quot;background_background&quot;:&quot;classic&quot;,&quot;_ha_eqh_enable&quot;:false,&quot;jet_parallax_layout_list&quot;:[]}\">\n\t\t\t\t\t<div class=\"e-con-inner\">\n\t\t\t\t<div class=\"elementor-element elementor-element-d5ca892 elementor-widget elementor-widget-heading\" data-id=\"d5ca892\" data-element_type=\"widget\" data-widget_type=\"heading.default\">\n\t\t\t\t<div class=\"elementor-widget-container\">\n\t\t\t<h2 class=\"elementor-heading-title elementor-size-default\">Di\u00e1lise de \u00f3leo combust\u00edvel<\/h2>\t\t<\/div>\n\t\t\t\t<\/div>\n\t\t\t\t\t<\/div>\n\t\t\t\t<\/div>\n\t\t\t\t<\/div>\n\t\t<a href=\"https:\/\/kordesign.com.br\/clientes\/autogeradora\/servicos\/dialise-de-oleo-combustivel\/\" class=\"jet-engine-listing-overlay-link\"><\/a><\/div><\/div><div class=\"jet-listing-grid__item jet-listing-dynamic-post-1405\" data-post-id=\"1405\" ><div class=\"jet-engine-listing-overlay-wrap\" data-url=\"https:\/\/kordesign.com.br\/clientes\/autogeradora\/servicos\/logistica-de-transportes\/\">\t\t<div data-elementor-type=\"jet-listing-items\" data-elementor-id=\"604\" class=\"elementor elementor-604\" data-elementor-settings=\"{&quot;ha_cmc_init_switcher&quot;:&quot;no&quot;}\" data-elementor-post-type=\"jet-engine\">\n\t\t\t\t<div class=\"elementor-element elementor-element-29d1c77 e-flex e-con-boxed e-con e-parent\" data-id=\"29d1c77\" data-element_type=\"container\" data-settings=\"{&quot;background_background&quot;:&quot;classic&quot;,&quot;_ha_eqh_enable&quot;:false,&quot;jet_parallax_layout_list&quot;:[]}\">\n\t\t\t\t\t<div class=\"e-con-inner\">\n\t\t\t\t<div class=\"elementor-element elementor-element-8a4f144 elementor-widget elementor-widget-image\" data-id=\"8a4f144\" data-element_type=\"widget\" data-widget_type=\"image.default\">\n\t\t\t\t<div class=\"elementor-widget-container\">\n\t\t\t\t\t\t\t\t\t\t\t\t\t<img decoding=\"async\" src=\"https:\/\/kordesign.com.br\/clientes\/autogeradora\/wp-content\/uploads\/elementor\/thumbs\/autogeradora_site_servico_logistica_transporte_800x800px-ra40jrlfg2ptzn74sn6ccpiee377b52qrffa40iir4.webp\" title=\"autogeradora_site_servico_logistica_transporte_800x800px\" alt=\"autogeradora_site_servico_logistica_transporte_800x800px\" loading=\"lazy\" \/>\t\t\t\t\t\t\t\t\t\t\t\t\t<\/div>\n\t\t\t\t<\/div>\n\t\t\t\t\t<\/div>\n\t\t\t\t<\/div>\n\t\t<div class=\"elementor-element elementor-element-21fa5d5 e-flex e-con-boxed e-con e-parent\" data-id=\"21fa5d5\" data-element_type=\"container\" data-settings=\"{&quot;background_background&quot;:&quot;classic&quot;,&quot;_ha_eqh_enable&quot;:false,&quot;jet_parallax_layout_list&quot;:[]}\">\n\t\t\t\t\t<div class=\"e-con-inner\">\n\t\t\t\t<div class=\"elementor-element elementor-element-d5ca892 elementor-widget elementor-widget-heading\" data-id=\"d5ca892\" data-element_type=\"widget\" data-widget_type=\"heading.default\">\n\t\t\t\t<div class=\"elementor-widget-container\">\n\t\t\t<h2 class=\"elementor-heading-title elementor-size-default\">Log\u00edstica de transportes<\/h2>\t\t<\/div>\n\t\t\t\t<\/div>\n\t\t\t\t\t<\/div>\n\t\t\t\t<\/div>\n\t\t\t\t<\/div>\n\t\t<a href=\"https:\/\/kordesign.com.br\/clientes\/autogeradora\/servicos\/logistica-de-transportes\/\" class=\"jet-engine-listing-overlay-link\"><\/a><\/div><\/div><div class=\"jet-listing-grid__item jet-listing-dynamic-post-1409\" data-post-id=\"1409\" ><div class=\"jet-engine-listing-overlay-wrap\" data-url=\"https:\/\/kordesign.com.br\/clientes\/autogeradora\/servicos\/recarga-de-baterias\/\">\t\t<div data-elementor-type=\"jet-listing-items\" data-elementor-id=\"604\" class=\"elementor elementor-604\" data-elementor-settings=\"{&quot;ha_cmc_init_switcher&quot;:&quot;no&quot;}\" data-elementor-post-type=\"jet-engine\">\n\t\t\t\t<div class=\"elementor-element elementor-element-29d1c77 e-flex e-con-boxed e-con e-parent\" data-id=\"29d1c77\" data-element_type=\"container\" data-settings=\"{&quot;background_background&quot;:&quot;classic&quot;,&quot;_ha_eqh_enable&quot;:false,&quot;jet_parallax_layout_list&quot;:[]}\">\n\t\t\t\t\t<div class=\"e-con-inner\">\n\t\t\t\t<div class=\"elementor-element elementor-element-8a4f144 elementor-widget elementor-widget-image\" data-id=\"8a4f144\" data-element_type=\"widget\" data-widget_type=\"image.default\">\n\t\t\t\t<div class=\"elementor-widget-container\">\n\t\t\t\t\t\t\t\t\t\t\t\t\t<img decoding=\"async\" src=\"https:\/\/kordesign.com.br\/clientes\/autogeradora\/wp-content\/uploads\/elementor\/thumbs\/autogeradora_site_servico_800x800_eecarga_de_baterias-1-rdhk3d9qa76eep6qycwhk6opit4q3cz712ku7smovk.webp\" title=\"autogeradora_site_servico_800x800_eecarga_de_baterias (1)\" alt=\"autogeradora_site_servico_800x800_eecarga_de_baterias (1)\" loading=\"lazy\" \/>\t\t\t\t\t\t\t\t\t\t\t\t\t<\/div>\n\t\t\t\t<\/div>\n\t\t\t\t\t<\/div>\n\t\t\t\t<\/div>\n\t\t<div class=\"elementor-element elementor-element-21fa5d5 e-flex e-con-boxed e-con e-parent\" data-id=\"21fa5d5\" data-element_type=\"container\" data-settings=\"{&quot;background_background&quot;:&quot;classic&quot;,&quot;_ha_eqh_enable&quot;:false,&quot;jet_parallax_layout_list&quot;:[]}\">\n\t\t\t\t\t<div class=\"e-con-inner\">\n\t\t\t\t<div class=\"elementor-element elementor-element-d5ca892 elementor-widget elementor-widget-heading\" data-id=\"d5ca892\" data-element_type=\"widget\" data-widget_type=\"heading.default\">\n\t\t\t\t<div class=\"elementor-widget-container\">\n\t\t\t<h2 class=\"elementor-heading-title elementor-size-default\">Recarga de baterias<\/h2>\t\t<\/div>\n\t\t\t\t<\/div>\n\t\t\t\t\t<\/div>\n\t\t\t\t<\/div>\n\t\t\t\t<\/div>\n\t\t<a href=\"https:\/\/kordesign.com.br\/clientes\/autogeradora\/servicos\/recarga-de-baterias\/\" class=\"jet-engine-listing-overlay-link\"><\/a><\/div><\/div><\/div><\/div>\t\t<\/div>\n\t\t\t\t<\/div>\n\t\t\t\t<div class=\"elementor-element elementor-element-2226dce servico elementor-widget elementor-widget-jet-smart-filters-pagination\" data-id=\"2226dce\" data-element_type=\"widget\" data-widget_type=\"jet-smart-filters-pagination.default\">\n\t\t\t\t<div class=\"elementor-widget-container\">\n\t\t\t<div\n\t\t\t\tclass=\"jet-smart-filters-pagination jet-filter\"\n\t\t\t\tdata-apply-provider=\"jet-engine\"\n\t\t\t\tdata-content-provider=\"jet-engine\"\n\t\t\t\tdata-query-id=\"servicos\"\n\t\t\t\tdata-controls=\"{&quot;items_enabled&quot;:true,&quot;pages_mid_size&quot;:3,&quot;pages_end_size&quot;:3,&quot;nav_enabled&quot;:true,&quot;prev&quot;:&quot;Anterior&quot;,&quot;next&quot;:&quot;Pr\\u00f3ximo&quot;,&quot;hide_inactive_nav&quot;:true,&quot;load_more_enabled&quot;:false,&quot;provider_top_offset&quot;:300}\"\n\t\t\t\tdata-apply-type=\"ajax\"\n\t\t\t><\/div>\t\t<\/div>\n\t\t\t\t<\/div>\n\t\t\t\t<\/div>\n\t\t\t\t\t<\/div>\n\t\t\t\t<\/div>\n\t\t\t\t<\/div>\n\t\t","protected":false},"excerpt":{"rendered":"","protected":false},"author":5,"featured_media":0,"parent":0,"menu_order":0,"comment_status":"closed","ping_status":"closed","template":"","meta":{"_joinchat":[],"footnotes":""},"class_list":["post-603","page","type-page","status-publish","hentry"],"_links":{"self":[{"href":"https:\/\/kordesign.com.br\/clientes\/autogeradora\/wp-json\/wp\/v2\/pages\/603","targetHints":{"allow":["GET"]}}],"collection":[{"href":"https:\/\/kordesign.com.br\/clientes\/autogeradora\/wp-json\/wp\/v2\/pages"}],"about":[{"href":"https:\/\/kordesign.com.br\/clientes\/autogeradora\/wp-json\/wp\/v2\/types\/page"}],"author":[{"embeddable":true,"href":"https:\/\/kordesign.com.br\/clientes\/autogeradora\/wp-json\/wp\/v2\/users\/5"}],"replies":[{"embeddable":true,"href":"https:\/\/kordesign.com.br\/clientes\/autogeradora\/wp-json\/wp\/v2\/comments?post=603"}],"version-history":[{"count":3,"href":"https:\/\/kordesign.com.br\/clientes\/autogeradora\/wp-json\/wp\/v2\/pages\/603\/revisions"}],"predecessor-version":[{"id":1760,"href":"https:\/\/kordesign.com.br\/clientes\/autogeradora\/wp-json\/wp\/v2\/pages\/603\/revisions\/1760"}],"wp:attachment":[{"href":"https:\/\/kordesign.com.br\/clientes\/autogeradora\/wp-json\/wp\/v2\/media?parent=603"}],"curies":[{"name":"wp","href":"https:\/\/api.w.org\/{rel}","templated":true}]}}